{"id":3,"date":"2021-09-16T23:04:10","date_gmt":"2021-09-16T23:04:10","guid":{"rendered":"https:\/\/aebreckpropgl.wpengine.com\/?page_id=3"},"modified":"2025-04-03T11:29:40","modified_gmt":"2025-04-03T17:29:40","slug":"politica-de-privacidad","status":"publish","type":"page","link":"https:\/\/aepropertymanagement.com\/es\/privacy-policy\/","title":{"rendered":"Pol\u00edtica de privacidad"},"content":{"rendered":"<style type=\"text\/css\" data-created_by=\"avia_inline_auto\" id=\"style-css-av-lp8jdd8t-c668f2c2009851c2d88ca308850b46dc\">\n.avia-section.av-lp8jdd8t-c668f2c2009851c2d88ca308850b46dc{\nz-index:0;\nposition:relative;\n}\n.av-curtain-footer.av-curtain-activated #main .avia-section.av-lp8jdd8t-c668f2c2009851c2d88ca308850b46dc{\nz-index:0;\n}\n<\/style>\n<div id='av_section_1'  class='avia-section av-lp8jdd8t-c668f2c2009851c2d88ca308850b46dc main_color avia-section-default avia-no-border-styling  avia-builder-el-0  el_before_av_section  avia-builder-el-first  avia-bg-style-scroll av-custom-positioned container_wrap sidebar_right'  ><div class='container av-section-cont-open' ><main  class='template-page content  av-content-small alpha units'><div class='post-entry post-entry-type-page post-entry-3'><div class='entry-content-wrapper clearfix'>\n\n<style type=\"text\/css\" data-created_by=\"avia_inline_auto\" id=\"style-css-av-347t-c66e419d996e45a96e38b87793fcb316\">\n#top .av-special-heading.av-347t-c66e419d996e45a96e38b87793fcb316{\npadding-bottom:30px;\n}\nbody .av-special-heading.av-347t-c66e419d996e45a96e38b87793fcb316 .av-special-heading-tag .heading-char{\nfont-size:25px;\n}\n.av-special-heading.av-347t-c66e419d996e45a96e38b87793fcb316 .av-subheading{\nfont-size:15px;\n}\n<\/style>\n<div  class='av-special-heading av-347t-c66e419d996e45a96e38b87793fcb316 av-special-heading-h1 blockquote elegant-quote elegant-centered  avia-builder-el-1  el_before_av_textblock  avia-builder-el-first'><h1 class='av-special-heading-tag'  ><span class=\"heading-wrap\">Pol\u00edtica de privacidad<\/span><\/h1><div class=\"special-heading-border\"><div class=\"special-heading-inner-border\"><\/div><\/div><\/div>\n<section  class='av_textblock_section av-4hm0d-43a81b7d60589329c45feebddf95f63d'  ><div class='avia_textblock' ><p><strong>Qui\u00e9nes somos:\u00a0<\/strong>La direcci\u00f3n de nuestro sitio web es: https:\/\/aepropertymanagement.com.<\/p>\n<p><strong>Qu\u00e9 datos personales recopilamos y por qu\u00e9 lo hacemos<\/strong><\/p>\n<p><strong>N\u00famero de tel\u00e9fono<\/strong><\/p>\n<p>Al reservar y facilitar tu n\u00famero de tel\u00e9fono, autorizas a Alpine Edge a enviar mensajes de texto con detalles sobre la informaci\u00f3n de tu reserva y otras ofertas. La frecuencia de los mensajes var\u00eda. Pueden aplicarse tarifas de mensajes\/datos. El consentimiento no es una condici\u00f3n de compra. Responda STOP para finalizar. No se compartir\u00e1 informaci\u00f3n del m\u00f3vil con terceros\/afiliados con fines de marketing\/promocionales.<\/p>\n<p><strong>Comentarios<\/strong><\/p>\n<p>Cuando los visitantes dejan comentarios en el sitio, recopilamos los datos que aparecen en el formulario de comentarios, as\u00ed como la direcci\u00f3n IP del visitante y la cadena de agentes de usuario del navegador para ayudar a la detecci\u00f3n de spam.<\/p>\n<p>Una cadena anonimizada creada a partir de su direcci\u00f3n de correo electr\u00f3nico (tambi\u00e9n llamada hash) puede ser proporcionada al servicio Gravatar para saber si usted la est\u00e1 utilizando. La pol\u00edtica de privacidad del servicio Gravatar est\u00e1 disponible aqu\u00ed: https:\/\/automattic.com\/privacy\/. Tras la aprobaci\u00f3n de tu comentario, tu foto de perfil ser\u00e1 visible al p\u00fablico en el contexto de tu comentario.<\/p>\n<p><strong>Medios de comunicaci\u00f3n<\/strong><\/p>\n<p>Si subes im\u00e1genes al sitio web, debes evitar subir im\u00e1genes con datos de localizaci\u00f3n incrustados (EXIF GPS) incluidos. Los visitantes del sitio web pueden descargar y extraer cualquier dato de localizaci\u00f3n de las im\u00e1genes del sitio web.<\/p>\n<p><strong>Formularios de contacto<\/strong><\/p>\n<p><strong>Cookies<\/strong><\/p>\n<p>Si deja un comentario en nuestro sitio, puede optar por guardar su nombre, direcci\u00f3n de correo electr\u00f3nico y sitio web en cookies. Esto es para su comodidad, para que no tenga que volver a rellenar sus datos cuando deje otro comentario. Estas cookies durar\u00e1n un a\u00f1o.<\/p>\n<p>Si visita nuestra p\u00e1gina de inicio de sesi\u00f3n, instalaremos una cookie temporal para determinar si su navegador acepta cookies. Esta cookie no contiene datos personales y se desecha al cerrar el navegador.<\/p>\n<p>Cuando inicie sesi\u00f3n, tambi\u00e9n instalaremos varias cookies para guardar su informaci\u00f3n de inicio de sesi\u00f3n y sus opciones de visualizaci\u00f3n en pantalla. Las cookies de inicio de sesi\u00f3n duran dos d\u00edas, y las de opciones de pantalla, un a\u00f1o. Si selecciona \"Recordarme\", sus datos de acceso permanecer\u00e1n durante dos semanas. Si sale de su cuenta, se eliminar\u00e1n las cookies de inicio de sesi\u00f3n.<\/p>\n<p>Si edita o publica un art\u00edculo, se guardar\u00e1 una cookie adicional en su navegador. Esta cookie no incluye datos personales y se limita a indicar el ID de publicaci\u00f3n del art\u00edculo que acaba de editar. Caduca al cabo de 1 d\u00eda.<\/p>\n<p><strong>Contenido incrustado de otros sitios web<\/strong><\/p>\n<p>Los art\u00edculos de este sitio pueden incluir contenido incrustado (por ejemplo, v\u00eddeos, im\u00e1genes, art\u00edculos, etc.). El contenido incrustado de otros sitios web se comporta exactamente igual que si el visitante hubiera visitado el otro sitio web.<\/p>\n<p>Estos sitios web pueden recopilar datos sobre usted, utilizar cookies, incrustar seguimiento adicional de terceros y supervisar su interacci\u00f3n con ese contenido incrustado, incluido el seguimiento de su interacci\u00f3n con el contenido incrustado si tiene una cuenta y ha iniciado sesi\u00f3n en ese sitio web.<\/p>\n<p><strong>Anal\u00edtica<\/strong><\/p>\n<p><strong>Con qui\u00e9n compartimos sus datos y cu\u00e1nto tiempo los conservamos<\/strong><\/p>\n<p>Si deja un comentario, el comentario y sus metadatos se conservan indefinidamente. As\u00ed podemos reconocer y aprobar autom\u00e1ticamente cualquier comentario posterior en lugar de retenerlo en una cola de moderaci\u00f3n.<\/p>\n<p>En el caso de los usuarios que se registran en nuestro sitio web (si los hay), tambi\u00e9n almacenamos la informaci\u00f3n personal que proporcionan en su perfil de usuario. Todos los usuarios pueden ver, editar o borrar su informaci\u00f3n personal en cualquier momento (excepto que no pueden cambiar su nombre de usuario). Los administradores del sitio web tambi\u00e9n pueden ver y editar esa informaci\u00f3n.<\/p>\n<p><strong>Qu\u00e9 derechos tiene sobre sus datos<\/strong><\/p>\n<p>Si tiene una cuenta en este sitio o ha dejado comentarios, puede solicitar que le enviemos un archivo exportado de los datos personales que tenemos sobre usted, incluidos los que nos haya facilitado. Tambi\u00e9n puede solicitar que borremos cualquier dato personal que tengamos sobre usted. Esto no incluye los datos que estemos obligados a conservar por motivos administrativos, legales o de seguridad.<\/p>\n<p><strong>D\u00f3nde enviamos sus datos<\/strong><\/p>\n<p>Los comentarios de los visitantes pueden ser controlados por un servicio automatizado de detecci\u00f3n de spam.<\/p>\n<\/div><\/section>\n<\/div><\/div><\/main><!-- close content main element --><\/div><\/div>\n<style type=\"text\/css\" data-created_by=\"avia_inline_auto\" id=\"style-css-av-kz5ve4b0-df4c3b1da411d1f0a058706102f1672f\">\n.avia-section.av-kz5ve4b0-df4c3b1da411d1f0a058706102f1672f{\nbackground-repeat:no-repeat;\nbackground-image:url(https:\/\/aepropertymanagement.com\/wp-content\/uploads\/summer_in_breckenridge_co.jpg);\nbackground-position:50% 50%;\nbackground-attachment:fixed;\n}\n.avia-section.av-kz5ve4b0-df4c3b1da411d1f0a058706102f1672f .av-section-color-overlay{\nopacity:0.2;\nbackground-color:#000000;\n}\n<\/style>\n<div id='av_section_2'  class='avia-section av-kz5ve4b0-df4c3b1da411d1f0a058706102f1672f main_color avia-section-huge avia-no-border-styling  avia-builder-el-3  el_after_av_section  el_before_av_textblock  avia-full-stretch avia-bg-style-fixed av-section-color-overlay-active container_wrap sidebar_right'  data-section-bg-repeat='stretch'><div class=\"av-section-color-overlay-wrap\"><div class=\"av-section-color-overlay\"><\/div><div class='container av-section-cont-open' ><div class='template-page content  av-content-small alpha units'><div class='post-entry post-entry-type-page post-entry-3'><div class='entry-content-wrapper clearfix'>\n\n<style type=\"text\/css\" data-created_by=\"avia_inline_auto\" id=\"style-css-av-kz5vesaw-7de91b55e02cd8fcea87034dbe50369b\">\n#top .av_textblock_section.av-kz5vesaw-7de91b55e02cd8fcea87034dbe50369b .avia_textblock{\nfont-size:24px;\ncolor:#ffffff;\n}\n<\/style>\n<section  class='av_textblock_section av-kz5vesaw-7de91b55e02cd8fcea87034dbe50369b'  ><div class='avia_textblock av_inherit_color' ><p style=\"text-align: center;\">Nuestra misi\u00f3n es utilizar nuestros valiosos recursos para cuidar de cada propiedad de la mejor manera posible para que todos puedan pasar su tiempo disfrutando de Breckenridge y el resto del condado de Summit.<\/p>\n<\/div><\/section>\n<\/div><\/div><\/div><!-- close content main div --><\/div><\/div><\/div><div id='after_section_2'  class='main_color av_default_container_wrap container_wrap sidebar_right'  ><div class='container av-section-cont-open' ><div class='template-page content  av-content-small alpha units'><div class='post-entry post-entry-type-page post-entry-3'><div class='entry-content-wrapper clearfix'><\/p>\n<section  class='av_textblock_section av-4hm0d-2-0f65970a6ef806684b49cb5a855fead7'  ><div class='avia_textblock' ><p>Con el objetivo de proporcionar satisfacci\u00f3n y seguridad a cada uno de nuestros propietarios y hu\u00e9spedes, Alpine Edge Property Management no se detiene ante nada para proporcionar los mejores servicios, incluyendo revisiones semanales de la casa, mantenimiento interior y exterior, alquileres a corto plazo, servicios hospitalarios y gesti\u00f3n de la Asociaci\u00f3n de Propietarios.<\/p>\n<\/div><\/section>\n\n<style type=\"text\/css\" data-created_by=\"avia_inline_auto\" id=\"style-css-av-kz5vk2yv-ff83675a984ec72640e5be4996934c42\">\n#top .hr.hr-invisible.av-kz5vk2yv-ff83675a984ec72640e5be4996934c42{\nheight:30px;\n}\n<\/style>\n<div  class='hr av-kz5vk2yv-ff83675a984ec72640e5be4996934c42 hr-invisible  avia-builder-el-6  el_after_av_textblock  el_before_av_textblock'><span class='hr-inner'><span class=\"hr-inner-style\"><\/span><\/span><\/div>\n<section  class='av_textblock_section av-4hm0d-1-15ee5ea457311b9cd2d8c175caa7961c'  ><div class='avia_textblock' ><p style=\"text-align: center;\"><strong>M\u00e1s informaci\u00f3n sobre nuestros servicios<\/strong><\/p>\n<\/div><\/section>\n<div  class='avia-buttonrow-wrap av-kz5vipa9-5597e534b17f6d7f881a5913aacdcfe3 avia-buttonrow-center  avia-builder-el-8  el_after_av_textblock  avia-builder-el-last'>\n\n<style type=\"text\/css\" data-created_by=\"avia_inline_auto\" id=\"style-css-av-1wbr5-76b41f1c3bd30bd05f58445b1bdfaa29\">\n#top #wrap_all .avia-button.av-1wbr5-76b41f1c3bd30bd05f58445b1bdfaa29{\nmargin-bottom:22px;\nmargin-right:11px;\nmargin-left:11px;\n}\n<\/style>\n<a href='https:\/\/aepropertymanagement.com\/es\/hoa-management\/'  class='avia-button av-1wbr5-76b41f1c3bd30bd05f58445b1bdfaa29 avia-icon_select-no avia-size-large avia-color-theme-color'   aria-label=\"Gesti\u00f3n de HOA\"><span class='avia_iconbox_title' >Gesti\u00f3n de HOA<\/span><\/a>\n\n<style type=\"text\/css\" data-created_by=\"avia_inline_auto\" id=\"style-css-av-5ic1-1d01c0c0dc4b2c6d3f244145fd5e7124\">\n#top #wrap_all .avia-button.av-5ic1-1d01c0c0dc4b2c6d3f244145fd5e7124{\nmargin-bottom:22px;\nmargin-right:11px;\nmargin-left:11px;\n}\n<\/style>\n<a href='https:\/\/aepropertymanagement.com\/es\/property-management\/'  class='avia-button av-5ic1-1d01c0c0dc4b2c6d3f244145fd5e7124 avia-icon_select-no avia-size-large avia-color-theme-color'   aria-label=\"Gesti\u00f3n de la propiedad\"><span class='avia_iconbox_title' >Gesti\u00f3n de la propiedad<\/span><\/a>\n\n<style type=\"text\/css\" data-created_by=\"avia_inline_auto\" id=\"style-css-av-1453d-4e6a5bba7fc94a840d4dba8d3365ac43\">\n#top #wrap_all .avia-button.av-1453d-4e6a5bba7fc94a840d4dba8d3365ac43{\nmargin-bottom:22px;\nmargin-right:11px;\nmargin-left:11px;\n}\n<\/style>\n<a href='\/breckenridge-vacation-rentals\/'  class='avia-button av-1453d-4e6a5bba7fc94a840d4dba8d3365ac43 avia-icon_select-no avia-size-large avia-color-theme-color'   aria-label=\"Alquileres de vacaciones\"><span class='avia_iconbox_title' >Alquileres de vacaciones<\/span><\/a>\n<\/div>","protected":false},"excerpt":{"rendered":"","protected":false},"author":1,"featured_media":0,"parent":0,"menu_order":0,"comment_status":"closed","ping_status":"closed","template":"","meta":{"footnotes":""},"class_list":["post-3","page","type-page","status-publish","hentry"],"yoast_head":"<!-- This site is optimized with the Yoast SEO plugin v27.2 - https:\/\/yoast.com\/product\/yoast-seo-wordpress\/ -->\n<title>Privacy Policy | Alpine Edge Property Management<\/title>\n<meta name=\"description\" content=\"Learn about Privacy Policy the Alpine Edge Property Management and start planning your vacation!\" \/>\n<meta name=\"robots\" content=\"index, follow, max-snippet:-1, max-image-preview:large, max-video-preview:-1\" \/>\n<link rel=\"canonical\" href=\"https:\/\/aepropertymanagement.com\/es\/politica-de-privacidad\/\" \/>\n<meta property=\"og:locale\" content=\"es_MX\" \/>\n<meta property=\"og:type\" content=\"article\" \/>\n<meta property=\"og:title\" content=\"Privacy Policy | Alpine Edge Property Management\" \/>\n<meta property=\"og:description\" content=\"Learn about Privacy Policy the Alpine Edge Property Management and start planning your vacation!\" \/>\n<meta property=\"og:url\" content=\"https:\/\/aepropertymanagement.com\/es\/politica-de-privacidad\/\" \/>\n<meta property=\"og:site_name\" content=\"Alpine Edge Property Management\" \/>\n<meta property=\"article:publisher\" content=\"https:\/\/www.facebook.com\/AEpropertymanagement\/\" \/>\n<meta property=\"article:modified_time\" content=\"2025-04-03T17:29:40+00:00\" \/>\n<meta property=\"og:image\" content=\"https:\/\/aepropertymanagement.com\/wp-content\/uploads\/downhill_skier_breckenridge_colorado.jpg\" \/>\n\t<meta property=\"og:image:width\" content=\"1920\" \/>\n\t<meta property=\"og:image:height\" content=\"1280\" \/>\n\t<meta property=\"og:image:type\" content=\"image\/jpeg\" \/>\n<meta name=\"twitter:card\" content=\"summary_large_image\" \/>\n<meta name=\"twitter:label1\" content=\"Est. reading time\" \/>\n\t<meta name=\"twitter:data1\" content=\"3 minutos\" \/>\n<script type=\"application\/ld+json\" class=\"yoast-schema-graph\">{\"@context\":\"https:\/\/schema.org\",\"@graph\":[{\"@type\":\"WebPage\",\"@id\":\"https:\/\/aepropertymanagement.com\/privacy-policy\/\",\"url\":\"https:\/\/aepropertymanagement.com\/privacy-policy\/\",\"name\":\"Privacy Policy | Alpine Edge Property Management\",\"isPartOf\":{\"@id\":\"https:\/\/aepropertymanagement.com\/#website\"},\"datePublished\":\"2021-09-16T23:04:10+00:00\",\"dateModified\":\"2025-04-03T17:29:40+00:00\",\"description\":\"Learn about Privacy Policy the Alpine Edge Property Management and start planning your vacation!\",\"breadcrumb\":{\"@id\":\"https:\/\/aepropertymanagement.com\/privacy-policy\/#breadcrumb\"},\"inLanguage\":\"es\",\"potentialAction\":[{\"@type\":\"ReadAction\",\"target\":[\"https:\/\/aepropertymanagement.com\/privacy-policy\/\"]}]},{\"@type\":\"BreadcrumbList\",\"@id\":\"https:\/\/aepropertymanagement.com\/privacy-policy\/#breadcrumb\",\"itemListElement\":[{\"@type\":\"ListItem\",\"position\":1,\"name\":\"Home\",\"item\":\"https:\/\/aepropertymanagement.com\/\"},{\"@type\":\"ListItem\",\"position\":2,\"name\":\"Privacy Policy\"}]},{\"@type\":\"WebSite\",\"@id\":\"https:\/\/aepropertymanagement.com\/#website\",\"url\":\"https:\/\/aepropertymanagement.com\/\",\"name\":\"Alpine Edge Property Management\",\"description\":\"\",\"publisher\":{\"@id\":\"https:\/\/aepropertymanagement.com\/#organization\"},\"potentialAction\":[{\"@type\":\"SearchAction\",\"target\":{\"@type\":\"EntryPoint\",\"urlTemplate\":\"https:\/\/aepropertymanagement.com\/?s={search_term_string}\"},\"query-input\":{\"@type\":\"PropertyValueSpecification\",\"valueRequired\":true,\"valueName\":\"search_term_string\"}}],\"inLanguage\":\"es\"},{\"@type\":\"Organization\",\"@id\":\"https:\/\/aepropertymanagement.com\/#organization\",\"name\":\"Alpine Breck Property Management\",\"url\":\"https:\/\/aepropertymanagement.com\/\",\"logo\":{\"@type\":\"ImageObject\",\"inLanguage\":\"es\",\"@id\":\"https:\/\/aepropertymanagement.com\/#\/schema\/logo\/image\/\",\"url\":\"https:\/\/aepropertymanagement.com\/wp-content\/uploads\/alpine_breck_property_management_logo.png\",\"contentUrl\":\"https:\/\/aepropertymanagement.com\/wp-content\/uploads\/alpine_breck_property_management_logo.png\",\"width\":340,\"height\":156,\"caption\":\"Alpine Breck Property Management\"},\"image\":{\"@id\":\"https:\/\/aepropertymanagement.com\/#\/schema\/logo\/image\/\"},\"sameAs\":[\"https:\/\/www.facebook.com\/AEpropertymanagement\/\",\"https:\/\/www.instagram.com\/alpineedgeco\"]}]}<\/script>\n<!-- \/ Yoast SEO plugin. -->","yoast_head_json":{"title":"Pol\u00edtica de privacidad | Alpine Edge Property Management","description":"Inf\u00f3rmese sobre la Pol\u00edtica de Privacidad de Alpine Edge Property Management y empiece a planear sus vacaciones.","robots":{"index":"index","follow":"follow","max-snippet":"max-snippet:-1","max-image-preview":"max-image-preview:large","max-video-preview":"max-video-preview:-1"},"canonical":"https:\/\/aepropertymanagement.com\/es\/politica-de-privacidad\/","og_locale":"es_MX","og_type":"article","og_title":"Privacy Policy | Alpine Edge Property Management","og_description":"Learn about Privacy Policy the Alpine Edge Property Management and start planning your vacation!","og_url":"https:\/\/aepropertymanagement.com\/es\/politica-de-privacidad\/","og_site_name":"Alpine Edge Property Management","article_publisher":"https:\/\/www.facebook.com\/AEpropertymanagement\/","article_modified_time":"2025-04-03T17:29:40+00:00","og_image":[{"width":1920,"height":1280,"url":"https:\/\/aepropertymanagement.com\/wp-content\/uploads\/downhill_skier_breckenridge_colorado.jpg","type":"image\/jpeg"}],"twitter_card":"summary_large_image","twitter_misc":{"Est. reading time":"3 minutos"},"schema":{"@context":"https:\/\/schema.org","@graph":[{"@type":"WebPage","@id":"https:\/\/aepropertymanagement.com\/privacy-policy\/","url":"https:\/\/aepropertymanagement.com\/privacy-policy\/","name":"Pol\u00edtica de privacidad | Alpine Edge Property Management","isPartOf":{"@id":"https:\/\/aepropertymanagement.com\/#website"},"datePublished":"2021-09-16T23:04:10+00:00","dateModified":"2025-04-03T17:29:40+00:00","description":"Inf\u00f3rmese sobre la Pol\u00edtica de Privacidad de Alpine Edge Property Management y empiece a planear sus vacaciones.","breadcrumb":{"@id":"https:\/\/aepropertymanagement.com\/privacy-policy\/#breadcrumb"},"inLanguage":"es","potentialAction":[{"@type":"ReadAction","target":["https:\/\/aepropertymanagement.com\/privacy-policy\/"]}]},{"@type":"BreadcrumbList","@id":"https:\/\/aepropertymanagement.com\/privacy-policy\/#breadcrumb","itemListElement":[{"@type":"ListItem","position":1,"name":"Home","item":"https:\/\/aepropertymanagement.com\/"},{"@type":"ListItem","position":2,"name":"Privacy Policy"}]},{"@type":"WebSite","@id":"https:\/\/aepropertymanagement.com\/#website","url":"https:\/\/aepropertymanagement.com\/","name":"Alpine Edge Property Management","description":"","publisher":{"@id":"https:\/\/aepropertymanagement.com\/#organization"},"potentialAction":[{"@type":"SearchAction","target":{"@type":"EntryPoint","urlTemplate":"https:\/\/aepropertymanagement.com\/?s={search_term_string}"},"query-input":{"@type":"PropertyValueSpecification","valueRequired":true,"valueName":"search_term_string"}}],"inLanguage":"es"},{"@type":"Organization","@id":"https:\/\/aepropertymanagement.com\/#organization","name":"Alpine Breck Gesti\u00f3n de la Propiedad","url":"https:\/\/aepropertymanagement.com\/","logo":{"@type":"ImageObject","inLanguage":"es","@id":"https:\/\/aepropertymanagement.com\/#\/schema\/logo\/image\/","url":"https:\/\/aepropertymanagement.com\/wp-content\/uploads\/alpine_breck_property_management_logo.png","contentUrl":"https:\/\/aepropertymanagement.com\/wp-content\/uploads\/alpine_breck_property_management_logo.png","width":340,"height":156,"caption":"Alpine Breck Property Management"},"image":{"@id":"https:\/\/aepropertymanagement.com\/#\/schema\/logo\/image\/"},"sameAs":["https:\/\/www.facebook.com\/AEpropertymanagement\/","https:\/\/www.instagram.com\/alpineedgeco"]}]}},"_links":{"self":[{"href":"https:\/\/aepropertymanagement.com\/es\/wp-json\/wp\/v2\/pages\/3","targetHints":{"allow":["GET"]}}],"collection":[{"href":"https:\/\/aepropertymanagement.com\/es\/wp-json\/wp\/v2\/pages"}],"about":[{"href":"https:\/\/aepropertymanagement.com\/es\/wp-json\/wp\/v2\/types\/page"}],"author":[{"embeddable":true,"href":"https:\/\/aepropertymanagement.com\/es\/wp-json\/wp\/v2\/users\/1"}],"replies":[{"embeddable":true,"href":"https:\/\/aepropertymanagement.com\/es\/wp-json\/wp\/v2\/comments?post=3"}],"version-history":[{"count":0,"href":"https:\/\/aepropertymanagement.com\/es\/wp-json\/wp\/v2\/pages\/3\/revisions"}],"wp:attachment":[{"href":"https:\/\/aepropertymanagement.com\/es\/wp-json\/wp\/v2\/media?parent=3"}],"curies":[{"name":"wp","href":"https:\/\/api.w.org\/{rel}","templated":true}]}}